{"id":2,"date":"2024-03-08T16:44:49","date_gmt":"2024-03-08T13:44:49","guid":{"rendered":"https:\/\/mukkacikolata.com\/?page_id=2"},"modified":"2024-03-08T16:44:49","modified_gmt":"2024-03-08T13:44:49","slug":"ornek-sayfa","status":"publish","type":"page","link":"https:\/\/mukkacikolata.com\/de\/ornek-sayfa\/","title":{"rendered":"Beispielseite"},"content":{"rendered":"<p>Dies ist eine Beispielseite. Es unterscheidet sich von einem Blogbeitrag, da es an einer bestimmten Stelle fixiert bleibt und im Navigationsmen\u00fc Ihres Designs angezeigt wird (die meisten Designs unterst\u00fctzen dies). Viele Leute nutzen eine Infoseite, um potenzielle Besucher zu begr\u00fc\u00dfen. Es k\u00f6nnte ungef\u00e4hr so aussehen:<\/p>\n\n\n\n<blockquote class=\"wp-block-quote is-layout-flow wp-block-quote-is-layout-flow\"><p>Hallo! Tags\u00fcber bin ich Fahrradkurier und nachts aufstrebender Schauspieler, und dies ist meine Site. Ich lebe in Istanbul, habe einen wunderbaren Hund namens B\u0131d\u0131k und trinke gerne Pi\u00f1a Coladas. (Und im Regen stehen.)<\/p><\/blockquote>\n\n\n\n<p>\u2026oder so etwas wie das hier:<\/p>\n\n\n\n<blockquote class=\"wp-block-quote is-layout-flow wp-block-quote-is-layout-flow\"><p>Das Unternehmen XYZ wurde 1971 gegr\u00fcndet und produziert seit seiner Gr\u00fcndung Qualit\u00e4tsprodukte. Das in Gotham City ans\u00e4ssige Unternehmen XYZ versucht mit \u00fcber 2.000 Mitarbeitern das Beste f\u00fcr Gotham City zu erreichen.<\/p><\/blockquote>\n\n\n\n<p>Als neuer WordPress-Benutzer m\u00fcssen Sie zun\u00e4chst <a href=\"https:\/\/mukkacikolata.com\/wp-admin\/\">zur Startseite<\/a> Sie sollten diese Seite l\u00f6schen und Ihre eigenen Seiten erstellen. Genie\u00dfen!<\/p>","protected":false},"excerpt":{"rendered":"<p>Bu bir \u00f6rnek sayfad\u0131r. Bir blog yaz\u0131s\u0131ndan farkl\u0131d\u0131r \u00e7\u00fcnk\u00fc belirli bir yerde sabit olarak kal\u0131r ve teman\u0131z\u0131n gezinme men\u00fcs\u00fcnde g\u00f6r\u00fcnt\u00fclenir<\/p>","protected":false},"author":1,"featured_media":0,"parent":0,"menu_order":0,"comment_status":"closed","ping_status":"open","template":"","meta":{"footnotes":""},"class_list":["post-2","page","type-page","status-publish","hentry"],"yoast_head":"<!-- This site is optimized with the Yoast SEO plugin v22.2 - https:\/\/yoast.com\/wordpress\/plugins\/seo\/ -->\n<title>\u00d6rnek sayfa - Mukka \u00c7ikolata<\/title>\n<meta name=\"robots\" content=\"index, follow, max-snippet:-1, max-image-preview:large, max-video-preview:-1\" \/>\n<link rel=\"canonical\" href=\"https:\/\/mukkacikolata.com\/de\/ornek-sayfa\/\" \/>\n<meta property=\"og:locale\" content=\"de_DE\" \/>\n<meta property=\"og:type\" content=\"article\" \/>\n<meta property=\"og:title\" content=\"\u00d6rnek sayfa - Mukka \u00c7ikolata\" \/>\n<meta property=\"og:description\" content=\"Bu bir \u00f6rnek sayfad\u0131r. Bir blog yaz\u0131s\u0131ndan farkl\u0131d\u0131r \u00e7\u00fcnk\u00fc belirli bir yerde sabit olarak kal\u0131r ve teman\u0131z\u0131n gezinme men\u00fcs\u00fcnde g\u00f6r\u00fcnt\u00fclenir\" \/>\n<meta property=\"og:url\" content=\"https:\/\/mukkacikolata.com\/de\/ornek-sayfa\/\" \/>\n<meta property=\"og:site_name\" content=\"Mukka \u00c7ikolata\" \/>\n<meta name=\"twitter:card\" content=\"summary_large_image\" \/>\n<meta name=\"twitter:label1\" content=\"Gesch\u00e4tzte Lesezeit\" \/>\n\t<meta name=\"twitter:data1\" content=\"1\u00a0Minute\" \/>\n<script type=\"application\/ld+json\" class=\"yoast-schema-graph\">{\"@context\":\"https:\/\/schema.org\",\"@graph\":[{\"@type\":\"WebPage\",\"@id\":\"https:\/\/mukkacikolata.com\/ornek-sayfa\/\",\"url\":\"https:\/\/mukkacikolata.com\/ornek-sayfa\/\",\"name\":\"\u00d6rnek sayfa - Mukka \u00c7ikolata\",\"isPartOf\":{\"@id\":\"https:\/\/mukkacikolata.com\/#website\"},\"datePublished\":\"2024-03-08T13:44:49+00:00\",\"dateModified\":\"2024-03-08T13:44:49+00:00\",\"breadcrumb\":{\"@id\":\"https:\/\/mukkacikolata.com\/ornek-sayfa\/#breadcrumb\"},\"inLanguage\":\"de\",\"potentialAction\":[{\"@type\":\"ReadAction\",\"target\":[\"https:\/\/mukkacikolata.com\/ornek-sayfa\/\"]}]},{\"@type\":\"BreadcrumbList\",\"@id\":\"https:\/\/mukkacikolata.com\/ornek-sayfa\/#breadcrumb\",\"itemListElement\":[{\"@type\":\"ListItem\",\"position\":1,\"name\":\"Anasayfa\",\"item\":\"https:\/\/mukkacikolata.com\/\"},{\"@type\":\"ListItem\",\"position\":2,\"name\":\"\u00d6rnek sayfa\"}]},{\"@type\":\"WebSite\",\"@id\":\"https:\/\/mukkacikolata.com\/#website\",\"url\":\"https:\/\/mukkacikolata.com\/\",\"name\":\"Mukka \u00c7ikolata\",\"description\":\"Mukka \u00c7ikolata\",\"potentialAction\":[{\"@type\":\"SearchAction\",\"target\":{\"@type\":\"EntryPoint\",\"urlTemplate\":\"https:\/\/mukkacikolata.com\/?s={search_term_string}\"},\"query-input\":\"required name=search_term_string\"}],\"inLanguage\":\"de\"}]}<\/script>\n<!-- \/ Yoast SEO plugin. -->","yoast_head_json":{"title":"\u00d6rnek sayfa - Mukka \u00c7ikolata","robots":{"index":"index","follow":"follow","max-snippet":"max-snippet:-1","max-image-preview":"max-image-preview:large","max-video-preview":"max-video-preview:-1"},"canonical":"https:\/\/mukkacikolata.com\/de\/ornek-sayfa\/","og_locale":"de_DE","og_type":"article","og_title":"\u00d6rnek sayfa - Mukka \u00c7ikolata","og_description":"Bu bir \u00f6rnek sayfad\u0131r. Bir blog yaz\u0131s\u0131ndan farkl\u0131d\u0131r \u00e7\u00fcnk\u00fc belirli bir yerde sabit olarak kal\u0131r ve teman\u0131z\u0131n gezinme men\u00fcs\u00fcnde g\u00f6r\u00fcnt\u00fclenir","og_url":"https:\/\/mukkacikolata.com\/de\/ornek-sayfa\/","og_site_name":"Mukka \u00c7ikolata","twitter_card":"summary_large_image","twitter_misc":{"Gesch\u00e4tzte Lesezeit":"1\u00a0Minute"},"schema":{"@context":"https:\/\/schema.org","@graph":[{"@type":"WebPage","@id":"https:\/\/mukkacikolata.com\/ornek-sayfa\/","url":"https:\/\/mukkacikolata.com\/ornek-sayfa\/","name":"\u00d6rnek sayfa - Mukka \u00c7ikolata","isPartOf":{"@id":"https:\/\/mukkacikolata.com\/#website"},"datePublished":"2024-03-08T13:44:49+00:00","dateModified":"2024-03-08T13:44:49+00:00","breadcrumb":{"@id":"https:\/\/mukkacikolata.com\/ornek-sayfa\/#breadcrumb"},"inLanguage":"de","potentialAction":[{"@type":"ReadAction","target":["https:\/\/mukkacikolata.com\/ornek-sayfa\/"]}]},{"@type":"BreadcrumbList","@id":"https:\/\/mukkacikolata.com\/ornek-sayfa\/#breadcrumb","itemListElement":[{"@type":"ListItem","position":1,"name":"Anasayfa","item":"https:\/\/mukkacikolata.com\/"},{"@type":"ListItem","position":2,"name":"\u00d6rnek sayfa"}]},{"@type":"WebSite","@id":"https:\/\/mukkacikolata.com\/#website","url":"https:\/\/mukkacikolata.com\/","name":"Mukka \u00c7ikolata","description":"Mukka \u00c7ikolata","potentialAction":[{"@type":"SearchAction","target":{"@type":"EntryPoint","urlTemplate":"https:\/\/mukkacikolata.com\/?s={search_term_string}"},"query-input":"required name=search_term_string"}],"inLanguage":"de"}]}},"_links":{"self":[{"href":"https:\/\/mukkacikolata.com\/de\/wp-json\/wp\/v2\/pages\/2","targetHints":{"allow":["GET"]}}],"collection":[{"href":"https:\/\/mukkacikolata.com\/de\/wp-json\/wp\/v2\/pages"}],"about":[{"href":"https:\/\/mukkacikolata.com\/de\/wp-json\/wp\/v2\/types\/page"}],"author":[{"embeddable":true,"href":"https:\/\/mukkacikolata.com\/de\/wp-json\/wp\/v2\/users\/1"}],"replies":[{"embeddable":true,"href":"https:\/\/mukkacikolata.com\/de\/wp-json\/wp\/v2\/comments?post=2"}],"version-history":[{"count":0,"href":"https:\/\/mukkacikolata.com\/de\/wp-json\/wp\/v2\/pages\/2\/revisions"}],"wp:attachment":[{"href":"https:\/\/mukkacikolata.com\/de\/wp-json\/wp\/v2\/media?parent=2"}],"curies":[{"name":"wp","href":"https:\/\/api.w.org\/{rel}","templated":true}]}}