{"id":16310,"date":"2024-09-25T19:33:08","date_gmt":"2024-09-25T16:33:08","guid":{"rendered":"https:\/\/mukkacikolata.com\/?post_type=product&#038;p=16310"},"modified":"2025-10-31T15:05:50","modified_gmt":"2025-10-31T12:05:50","slug":"mukka-cikolata-soleni-4-kisilik","status":"publish","type":"product","link":"https:\/\/mukkacikolata.com\/de\/product\/mukka-cikolata-soleni-4-kisilik\/","title":{"rendered":"MUK&amp;KA Schokoladenfest (f\u00fcr 4 Personen)"},"content":{"rendered":"","protected":false},"excerpt":{"rendered":"","protected":false},"featured_media":16311,"comment_status":"open","ping_status":"closed","template":"","meta":[],"product_cat":[86],"product_tag":[],"class_list":{"0":"post-16310","1":"product","2":"type-product","3":"status-publish","4":"has-post-thumbnail","6":"product_cat-tatlilar-pastalar","8":"first","9":"instock","10":"shipping-taxable","11":"purchasable","12":"product-type-simple"},"yoast_head":"<!-- This site is optimized with the Yoast SEO plugin v22.2 - https:\/\/yoast.com\/wordpress\/plugins\/seo\/ -->\n<title>MUK&amp;KA \u00c7ikolata \u015e\u00f6leni (4 ki\u015filik) - Mukka \u00c7ikolata<\/title>\n<meta name=\"robots\" content=\"index, follow, max-snippet:-1, max-image-preview:large, max-video-preview:-1\" \/>\n<link rel=\"canonical\" href=\"https:\/\/mukkacikolata.com\/de\/product\/mukka-cikolata-soleni-4-kisilik\/\" \/>\n<meta property=\"og:locale\" content=\"de_DE\" \/>\n<meta property=\"og:type\" content=\"article\" \/>\n<meta property=\"og:title\" content=\"MUK&amp;KA \u00c7ikolata \u015e\u00f6leni (4 ki\u015filik) - Mukka \u00c7ikolata\" \/>\n<meta property=\"og:url\" content=\"https:\/\/mukkacikolata.com\/de\/product\/mukka-cikolata-soleni-4-kisilik\/\" \/>\n<meta property=\"og:site_name\" content=\"Mukka \u00c7ikolata\" \/>\n<meta property=\"article:modified_time\" content=\"2025-10-31T12:05:50+00:00\" \/>\n<meta property=\"og:image\" content=\"https:\/\/mukkacikolata.com\/wp-content\/uploads\/2024\/09\/IMG-20240925-WA0026.jpg\" \/>\n\t<meta property=\"og:image:width\" content=\"1289\" \/>\n\t<meta property=\"og:image:height\" content=\"1022\" \/>\n\t<meta property=\"og:image:type\" content=\"image\/jpeg\" \/>\n<meta name=\"twitter:card\" content=\"summary_large_image\" \/>\n<script type=\"application\/ld+json\" class=\"yoast-schema-graph\">{\"@context\":\"https:\/\/schema.org\",\"@graph\":[{\"@type\":\"WebPage\",\"@id\":\"https:\/\/mukkacikolata.com\/urun\/mukka-cikolata-soleni-4-kisilik\/\",\"url\":\"https:\/\/mukkacikolata.com\/urun\/mukka-cikolata-soleni-4-kisilik\/\",\"name\":\"MUK&amp;KA \u00c7ikolata \u015e\u00f6leni (4 ki\u015filik) - Mukka \u00c7ikolata\",\"isPartOf\":{\"@id\":\"https:\/\/mukkacikolata.com\/#website\"},\"primaryImageOfPage\":{\"@id\":\"https:\/\/mukkacikolata.com\/urun\/mukka-cikolata-soleni-4-kisilik\/#primaryimage\"},\"image\":{\"@id\":\"https:\/\/mukkacikolata.com\/urun\/mukka-cikolata-soleni-4-kisilik\/#primaryimage\"},\"thumbnailUrl\":\"https:\/\/mukkacikolata.com\/wp-content\/uploads\/2024\/09\/IMG-20240925-WA0026.jpg\",\"datePublished\":\"2024-09-25T16:33:08+00:00\",\"dateModified\":\"2025-10-31T12:05:50+00:00\",\"breadcrumb\":{\"@id\":\"https:\/\/mukkacikolata.com\/urun\/mukka-cikolata-soleni-4-kisilik\/#breadcrumb\"},\"inLanguage\":\"de\",\"potentialAction\":[{\"@type\":\"ReadAction\",\"target\":[\"https:\/\/mukkacikolata.com\/urun\/mukka-cikolata-soleni-4-kisilik\/\"]}]},{\"@type\":\"ImageObject\",\"inLanguage\":\"de\",\"@id\":\"https:\/\/mukkacikolata.com\/urun\/mukka-cikolata-soleni-4-kisilik\/#primaryimage\",\"url\":\"https:\/\/mukkacikolata.com\/wp-content\/uploads\/2024\/09\/IMG-20240925-WA0026.jpg\",\"contentUrl\":\"https:\/\/mukkacikolata.com\/wp-content\/uploads\/2024\/09\/IMG-20240925-WA0026.jpg\",\"width\":1289,\"height\":1022},{\"@type\":\"BreadcrumbList\",\"@id\":\"https:\/\/mukkacikolata.com\/urun\/mukka-cikolata-soleni-4-kisilik\/#breadcrumb\",\"itemListElement\":[{\"@type\":\"ListItem\",\"position\":1,\"name\":\"Anasayfa\",\"item\":\"https:\/\/mukkacikolata.com\/\"},{\"@type\":\"ListItem\",\"position\":2,\"name\":\"\u00dcr\u00fcnlerimiz\",\"item\":\"https:\/\/mukkacikolata.com\/shop\/\"},{\"@type\":\"ListItem\",\"position\":3,\"name\":\"MUK&amp;KA \u00c7ikolata \u015e\u00f6leni (4 ki\u015filik)\"}]},{\"@type\":\"WebSite\",\"@id\":\"https:\/\/mukkacikolata.com\/#website\",\"url\":\"https:\/\/mukkacikolata.com\/\",\"name\":\"Mukka \u00c7ikolata\",\"description\":\"Mukka \u00c7ikolata\",\"potentialAction\":[{\"@type\":\"SearchAction\",\"target\":{\"@type\":\"EntryPoint\",\"urlTemplate\":\"https:\/\/mukkacikolata.com\/?s={search_term_string}\"},\"query-input\":\"required name=search_term_string\"}],\"inLanguage\":\"de\"}]}<\/script>\n<!-- \/ Yoast SEO plugin. -->","yoast_head_json":{"title":"MUK&amp;KA \u00c7ikolata \u015e\u00f6leni (4 ki\u015filik) - Mukka \u00c7ikolata","robots":{"index":"index","follow":"follow","max-snippet":"max-snippet:-1","max-image-preview":"max-image-preview:large","max-video-preview":"max-video-preview:-1"},"canonical":"https:\/\/mukkacikolata.com\/de\/product\/mukka-cikolata-soleni-4-kisilik\/","og_locale":"de_DE","og_type":"article","og_title":"MUK&amp;KA \u00c7ikolata \u015e\u00f6leni (4 ki\u015filik) - Mukka \u00c7ikolata","og_url":"https:\/\/mukkacikolata.com\/de\/product\/mukka-cikolata-soleni-4-kisilik\/","og_site_name":"Mukka \u00c7ikolata","article_modified_time":"2025-10-31T12:05:50+00:00","og_image":[{"width":1289,"height":1022,"url":"https:\/\/mukkacikolata.com\/wp-content\/uploads\/2024\/09\/IMG-20240925-WA0026.jpg","type":"image\/jpeg"}],"twitter_card":"summary_large_image","schema":{"@context":"https:\/\/schema.org","@graph":[{"@type":"WebPage","@id":"https:\/\/mukkacikolata.com\/urun\/mukka-cikolata-soleni-4-kisilik\/","url":"https:\/\/mukkacikolata.com\/urun\/mukka-cikolata-soleni-4-kisilik\/","name":"MUK&amp;KA \u00c7ikolata \u015e\u00f6leni (4 ki\u015filik) - Mukka \u00c7ikolata","isPartOf":{"@id":"https:\/\/mukkacikolata.com\/#website"},"primaryImageOfPage":{"@id":"https:\/\/mukkacikolata.com\/urun\/mukka-cikolata-soleni-4-kisilik\/#primaryimage"},"image":{"@id":"https:\/\/mukkacikolata.com\/urun\/mukka-cikolata-soleni-4-kisilik\/#primaryimage"},"thumbnailUrl":"https:\/\/mukkacikolata.com\/wp-content\/uploads\/2024\/09\/IMG-20240925-WA0026.jpg","datePublished":"2024-09-25T16:33:08+00:00","dateModified":"2025-10-31T12:05:50+00:00","breadcrumb":{"@id":"https:\/\/mukkacikolata.com\/urun\/mukka-cikolata-soleni-4-kisilik\/#breadcrumb"},"inLanguage":"de","potentialAction":[{"@type":"ReadAction","target":["https:\/\/mukkacikolata.com\/urun\/mukka-cikolata-soleni-4-kisilik\/"]}]},{"@type":"ImageObject","inLanguage":"de","@id":"https:\/\/mukkacikolata.com\/urun\/mukka-cikolata-soleni-4-kisilik\/#primaryimage","url":"https:\/\/mukkacikolata.com\/wp-content\/uploads\/2024\/09\/IMG-20240925-WA0026.jpg","contentUrl":"https:\/\/mukkacikolata.com\/wp-content\/uploads\/2024\/09\/IMG-20240925-WA0026.jpg","width":1289,"height":1022},{"@type":"BreadcrumbList","@id":"https:\/\/mukkacikolata.com\/urun\/mukka-cikolata-soleni-4-kisilik\/#breadcrumb","itemListElement":[{"@type":"ListItem","position":1,"name":"Anasayfa","item":"https:\/\/mukkacikolata.com\/"},{"@type":"ListItem","position":2,"name":"\u00dcr\u00fcnlerimiz","item":"https:\/\/mukkacikolata.com\/shop\/"},{"@type":"ListItem","position":3,"name":"MUK&amp;KA \u00c7ikolata \u015e\u00f6leni (4 ki\u015filik)"}]},{"@type":"WebSite","@id":"https:\/\/mukkacikolata.com\/#website","url":"https:\/\/mukkacikolata.com\/","name":"Mukka \u00c7ikolata","description":"Mukka \u00c7ikolata","potentialAction":[{"@type":"SearchAction","target":{"@type":"EntryPoint","urlTemplate":"https:\/\/mukkacikolata.com\/?s={search_term_string}"},"query-input":"required name=search_term_string"}],"inLanguage":"de"}]}},"_links":{"self":[{"href":"https:\/\/mukkacikolata.com\/de\/wp-json\/wp\/v2\/product\/16310","targetHints":{"allow":["GET"]}}],"collection":[{"href":"https:\/\/mukkacikolata.com\/de\/wp-json\/wp\/v2\/product"}],"about":[{"href":"https:\/\/mukkacikolata.com\/de\/wp-json\/wp\/v2\/types\/product"}],"replies":[{"embeddable":true,"href":"https:\/\/mukkacikolata.com\/de\/wp-json\/wp\/v2\/comments?post=16310"}],"version-history":[{"count":2,"href":"https:\/\/mukkacikolata.com\/de\/wp-json\/wp\/v2\/product\/16310\/revisions"}],"predecessor-version":[{"id":16501,"href":"https:\/\/mukkacikolata.com\/de\/wp-json\/wp\/v2\/product\/16310\/revisions\/16501"}],"wp:featuredmedia":[{"embeddable":true,"href":"https:\/\/mukkacikolata.com\/de\/wp-json\/wp\/v2\/media\/16311"}],"wp:attachment":[{"href":"https:\/\/mukkacikolata.com\/de\/wp-json\/wp\/v2\/media?parent=16310"}],"wp:term":[{"taxonomy":"product_cat","embeddable":true,"href":"https:\/\/mukkacikolata.com\/de\/wp-json\/wp\/v2\/product_cat?post=16310"},{"taxonomy":"product_tag","embeddable":true,"href":"https:\/\/mukkacikolata.com\/de\/wp-json\/wp\/v2\/product_tag?post=16310"}],"curies":[{"name":"wp","href":"https:\/\/api.w.org\/{rel}","templated":true}]}}