{"id":15848,"date":"2024-07-23T02:54:36","date_gmt":"2024-07-22T23:54:36","guid":{"rendered":"https:\/\/mukkacikolata.com\/?post_type=product&#038;p=15848"},"modified":"2025-10-31T15:30:09","modified_gmt":"2025-10-31T12:30:09","slug":"frambuazli-tart","status":"publish","type":"product","link":"https:\/\/mukkacikolata.com\/ru\/product\/frambuazli-tart\/","title":{"rendered":"\u041c\u0430\u043b\u0438\u043d\u043e\u0432\u044b\u0439 \u043f\u0438\u0440\u043e\u0433"},"content":{"rendered":"<p>\u041c\u0438\u043d\u0434\u0430\u043b\u044c\u043d\u044b\u0439 \u043a\u043e\u0440\u0436, \u043a\u0443\u0441\u043e\u0447\u043a\u0438 \u043c\u0430\u043b\u0438\u043d\u044b, \u043a\u0440\u0435\u043c \u0438\u0437 \u0431\u0435\u043b\u043e\u0433\u043e \u0448\u043e\u043a\u043e\u043b\u0430\u0434\u0430<\/p>","protected":false},"excerpt":{"rendered":"<p>\u041c\u0438\u043d\u0434\u0430\u043b\u044c\u043d\u044b\u0439 \u043a\u043e\u0440\u0436, \u043a\u0443\u0441\u043e\u0447\u043a\u0438 \u043c\u0430\u043b\u0438\u043d\u044b, \u043a\u0440\u0435\u043c \u0438\u0437 \u0431\u0435\u043b\u043e\u0433\u043e \u0448\u043e\u043a\u043e\u043b\u0430\u0434\u0430<\/p>","protected":false},"featured_media":15855,"comment_status":"open","ping_status":"closed","template":"","meta":[],"product_cat":[106],"product_tag":[],"class_list":{"0":"post-15848","1":"product","2":"type-product","3":"status-publish","4":"has-post-thumbnail","6":"product_cat-tartlar","8":"first","9":"instock","10":"shipping-taxable","11":"purchasable","12":"product-type-simple"},"yoast_head":"<!-- This site is optimized with the Yoast SEO plugin v22.2 - https:\/\/yoast.com\/wordpress\/plugins\/seo\/ -->\n<title>Frambuazl\u0131 Tart - Mukka \u00c7ikolata<\/title>\n<meta name=\"robots\" content=\"index, follow, max-snippet:-1, max-image-preview:large, max-video-preview:-1\" \/>\n<link rel=\"canonical\" href=\"https:\/\/mukkacikolata.com\/ru\/product\/frambuazli-tart\/\" \/>\n<meta property=\"og:locale\" content=\"ru_RU\" \/>\n<meta property=\"og:type\" content=\"article\" \/>\n<meta property=\"og:title\" content=\"Frambuazl\u0131 Tart - Mukka \u00c7ikolata\" \/>\n<meta property=\"og:description\" content=\"Bademli kek,Frambuaz par\u00e7alar\u0131,Beyaz \u00e7ikolatal\u0131 krema\" \/>\n<meta property=\"og:url\" content=\"https:\/\/mukkacikolata.com\/ru\/product\/frambuazli-tart\/\" \/>\n<meta property=\"og:site_name\" content=\"Mukka \u00c7ikolata\" \/>\n<meta property=\"article:modified_time\" content=\"2025-10-31T12:30:09+00:00\" \/>\n<meta property=\"og:image\" content=\"https:\/\/mukkacikolata.com\/wp-content\/uploads\/2024\/07\/DSCF0094.png\" \/>\n\t<meta property=\"og:image:width\" content=\"1024\" \/>\n\t<meta property=\"og:image:height\" content=\"1024\" \/>\n\t<meta property=\"og:image:type\" content=\"image\/png\" \/>\n<meta name=\"twitter:card\" content=\"summary_large_image\" \/>\n<meta name=\"twitter:label1\" content=\"\u041f\u0440\u0438\u043c\u0435\u0440\u043d\u043e\u0435 \u0432\u0440\u0435\u043c\u044f \u0434\u043b\u044f \u0447\u0442\u0435\u043d\u0438\u044f\" \/>\n\t<meta name=\"twitter:data1\" content=\"1 \u043c\u0438\u043d\u0443\u0442\u0430\" \/>\n<script type=\"application\/ld+json\" class=\"yoast-schema-graph\">{\"@context\":\"https:\/\/schema.org\",\"@graph\":[{\"@type\":\"WebPage\",\"@id\":\"https:\/\/mukkacikolata.com\/urun\/frambuazli-tart\/\",\"url\":\"https:\/\/mukkacikolata.com\/urun\/frambuazli-tart\/\",\"name\":\"Frambuazl\u0131 Tart - Mukka \u00c7ikolata\",\"isPartOf\":{\"@id\":\"https:\/\/mukkacikolata.com\/#website\"},\"primaryImageOfPage\":{\"@id\":\"https:\/\/mukkacikolata.com\/urun\/frambuazli-tart\/#primaryimage\"},\"image\":{\"@id\":\"https:\/\/mukkacikolata.com\/urun\/frambuazli-tart\/#primaryimage\"},\"thumbnailUrl\":\"https:\/\/mukkacikolata.com\/wp-content\/uploads\/2024\/07\/DSCF0094.png\",\"datePublished\":\"2024-07-22T23:54:36+00:00\",\"dateModified\":\"2025-10-31T12:30:09+00:00\",\"breadcrumb\":{\"@id\":\"https:\/\/mukkacikolata.com\/urun\/frambuazli-tart\/#breadcrumb\"},\"inLanguage\":\"ru-RU\",\"potentialAction\":[{\"@type\":\"ReadAction\",\"target\":[\"https:\/\/mukkacikolata.com\/urun\/frambuazli-tart\/\"]}]},{\"@type\":\"ImageObject\",\"inLanguage\":\"ru-RU\",\"@id\":\"https:\/\/mukkacikolata.com\/urun\/frambuazli-tart\/#primaryimage\",\"url\":\"https:\/\/mukkacikolata.com\/wp-content\/uploads\/2024\/07\/DSCF0094.png\",\"contentUrl\":\"https:\/\/mukkacikolata.com\/wp-content\/uploads\/2024\/07\/DSCF0094.png\",\"width\":1024,\"height\":1024},{\"@type\":\"BreadcrumbList\",\"@id\":\"https:\/\/mukkacikolata.com\/urun\/frambuazli-tart\/#breadcrumb\",\"itemListElement\":[{\"@type\":\"ListItem\",\"position\":1,\"name\":\"Anasayfa\",\"item\":\"https:\/\/mukkacikolata.com\/\"},{\"@type\":\"ListItem\",\"position\":2,\"name\":\"\u00dcr\u00fcnlerimiz\",\"item\":\"https:\/\/mukkacikolata.com\/shop\/\"},{\"@type\":\"ListItem\",\"position\":3,\"name\":\"Frambuazl\u0131 Tart\"}]},{\"@type\":\"WebSite\",\"@id\":\"https:\/\/mukkacikolata.com\/#website\",\"url\":\"https:\/\/mukkacikolata.com\/\",\"name\":\"Mukka \u00c7ikolata\",\"description\":\"Mukka \u00c7ikolata\",\"potentialAction\":[{\"@type\":\"SearchAction\",\"target\":{\"@type\":\"EntryPoint\",\"urlTemplate\":\"https:\/\/mukkacikolata.com\/?s={search_term_string}\"},\"query-input\":\"required name=search_term_string\"}],\"inLanguage\":\"ru-RU\"}]}<\/script>\n<!-- \/ Yoast SEO plugin. -->","yoast_head_json":{"title":"Frambuazl\u0131 Tart - Mukka \u00c7ikolata","robots":{"index":"index","follow":"follow","max-snippet":"max-snippet:-1","max-image-preview":"max-image-preview:large","max-video-preview":"max-video-preview:-1"},"canonical":"https:\/\/mukkacikolata.com\/ru\/product\/frambuazli-tart\/","og_locale":"ru_RU","og_type":"article","og_title":"Frambuazl\u0131 Tart - Mukka \u00c7ikolata","og_description":"Bademli kek,Frambuaz par\u00e7alar\u0131,Beyaz \u00e7ikolatal\u0131 krema","og_url":"https:\/\/mukkacikolata.com\/ru\/product\/frambuazli-tart\/","og_site_name":"Mukka \u00c7ikolata","article_modified_time":"2025-10-31T12:30:09+00:00","og_image":[{"width":1024,"height":1024,"url":"https:\/\/mukkacikolata.com\/wp-content\/uploads\/2024\/07\/DSCF0094.png","type":"image\/png"}],"twitter_card":"summary_large_image","twitter_misc":{"\u041f\u0440\u0438\u043c\u0435\u0440\u043d\u043e\u0435 \u0432\u0440\u0435\u043c\u044f \u0434\u043b\u044f \u0447\u0442\u0435\u043d\u0438\u044f":"1 \u043c\u0438\u043d\u0443\u0442\u0430"},"schema":{"@context":"https:\/\/schema.org","@graph":[{"@type":"WebPage","@id":"https:\/\/mukkacikolata.com\/urun\/frambuazli-tart\/","url":"https:\/\/mukkacikolata.com\/urun\/frambuazli-tart\/","name":"Frambuazl\u0131 Tart - Mukka \u00c7ikolata","isPartOf":{"@id":"https:\/\/mukkacikolata.com\/#website"},"primaryImageOfPage":{"@id":"https:\/\/mukkacikolata.com\/urun\/frambuazli-tart\/#primaryimage"},"image":{"@id":"https:\/\/mukkacikolata.com\/urun\/frambuazli-tart\/#primaryimage"},"thumbnailUrl":"https:\/\/mukkacikolata.com\/wp-content\/uploads\/2024\/07\/DSCF0094.png","datePublished":"2024-07-22T23:54:36+00:00","dateModified":"2025-10-31T12:30:09+00:00","breadcrumb":{"@id":"https:\/\/mukkacikolata.com\/urun\/frambuazli-tart\/#breadcrumb"},"inLanguage":"ru-RU","potentialAction":[{"@type":"ReadAction","target":["https:\/\/mukkacikolata.com\/urun\/frambuazli-tart\/"]}]},{"@type":"ImageObject","inLanguage":"ru-RU","@id":"https:\/\/mukkacikolata.com\/urun\/frambuazli-tart\/#primaryimage","url":"https:\/\/mukkacikolata.com\/wp-content\/uploads\/2024\/07\/DSCF0094.png","contentUrl":"https:\/\/mukkacikolata.com\/wp-content\/uploads\/2024\/07\/DSCF0094.png","width":1024,"height":1024},{"@type":"BreadcrumbList","@id":"https:\/\/mukkacikolata.com\/urun\/frambuazli-tart\/#breadcrumb","itemListElement":[{"@type":"ListItem","position":1,"name":"Anasayfa","item":"https:\/\/mukkacikolata.com\/"},{"@type":"ListItem","position":2,"name":"\u00dcr\u00fcnlerimiz","item":"https:\/\/mukkacikolata.com\/shop\/"},{"@type":"ListItem","position":3,"name":"Frambuazl\u0131 Tart"}]},{"@type":"WebSite","@id":"https:\/\/mukkacikolata.com\/#website","url":"https:\/\/mukkacikolata.com\/","name":"Mukka \u00c7ikolata","description":"Mukka \u00c7ikolata","potentialAction":[{"@type":"SearchAction","target":{"@type":"EntryPoint","urlTemplate":"https:\/\/mukkacikolata.com\/?s={search_term_string}"},"query-input":"required name=search_term_string"}],"inLanguage":"ru-RU"}]}},"_links":{"self":[{"href":"https:\/\/mukkacikolata.com\/ru\/wp-json\/wp\/v2\/product\/15848","targetHints":{"allow":["GET"]}}],"collection":[{"href":"https:\/\/mukkacikolata.com\/ru\/wp-json\/wp\/v2\/product"}],"about":[{"href":"https:\/\/mukkacikolata.com\/ru\/wp-json\/wp\/v2\/types\/product"}],"replies":[{"embeddable":true,"href":"https:\/\/mukkacikolata.com\/ru\/wp-json\/wp\/v2\/comments?post=15848"}],"version-history":[{"count":1,"href":"https:\/\/mukkacikolata.com\/ru\/wp-json\/wp\/v2\/product\/15848\/revisions"}],"predecessor-version":[{"id":15860,"href":"https:\/\/mukkacikolata.com\/ru\/wp-json\/wp\/v2\/product\/15848\/revisions\/15860"}],"wp:featuredmedia":[{"embeddable":true,"href":"https:\/\/mukkacikolata.com\/ru\/wp-json\/wp\/v2\/media\/15855"}],"wp:attachment":[{"href":"https:\/\/mukkacikolata.com\/ru\/wp-json\/wp\/v2\/media?parent=15848"}],"wp:term":[{"taxonomy":"product_cat","embeddable":true,"href":"https:\/\/mukkacikolata.com\/ru\/wp-json\/wp\/v2\/product_cat?post=15848"},{"taxonomy":"product_tag","embeddable":true,"href":"https:\/\/mukkacikolata.com\/ru\/wp-json\/wp\/v2\/product_tag?post=15848"}],"curies":[{"name":"wp","href":"https:\/\/api.w.org\/{rel}","templated":true}]}}