{"id":16596,"date":"2025-04-17T17:04:02","date_gmt":"2025-04-17T14:04:02","guid":{"rendered":"https:\/\/mukkacikolata.com\/?post_type=product&#038;p=16596"},"modified":"2025-05-20T22:47:59","modified_gmt":"2025-05-20T19:47:59","slug":"mukka-kahvalti-tabagi","status":"publish","type":"product","link":"https:\/\/mukkacikolata.com\/ru\/product\/mukka-kahvalti-tabagi\/","title":{"rendered":"\u0422\u0430\u0440\u0435\u043b\u043a\u0430 \u0434\u043b\u044f \u0437\u0430\u0432\u0442\u0440\u0430\u043a\u0430 \u00ab\u041c\u0443\u043a\u043a\u0430\u00bb"},"content":{"rendered":"","protected":false},"excerpt":{"rendered":"","protected":false},"featured_media":0,"comment_status":"open","ping_status":"closed","template":"","meta":[],"product_cat":[87],"product_tag":[],"class_list":{"0":"post-16596","1":"product","2":"type-product","3":"status-publish","5":"product_cat-kahvalti","7":"first","8":"instock","9":"shipping-taxable","10":"purchasable","11":"product-type-simple"},"yoast_head":"<!-- This site is optimized with the Yoast SEO plugin v22.2 - https:\/\/yoast.com\/wordpress\/plugins\/seo\/ -->\n<title>Mukka Kahvalt\u0131 Taba\u011f\u0131 - Mukka \u00c7ikolata<\/title>\n<meta name=\"robots\" content=\"index, follow, max-snippet:-1, max-image-preview:large, max-video-preview:-1\" \/>\n<link rel=\"canonical\" href=\"https:\/\/mukkacikolata.com\/ru\/product\/mukka-kahvalti-tabagi\/\" \/>\n<meta property=\"og:locale\" content=\"ru_RU\" \/>\n<meta property=\"og:type\" content=\"article\" \/>\n<meta property=\"og:title\" content=\"Mukka Kahvalt\u0131 Taba\u011f\u0131 - Mukka \u00c7ikolata\" \/>\n<meta property=\"og:url\" content=\"https:\/\/mukkacikolata.com\/ru\/product\/mukka-kahvalti-tabagi\/\" \/>\n<meta property=\"og:site_name\" content=\"Mukka \u00c7ikolata\" \/>\n<meta property=\"article:modified_time\" content=\"2025-05-20T19:47:59+00:00\" \/>\n<meta name=\"twitter:card\" content=\"summary_large_image\" \/>\n<script type=\"application\/ld+json\" class=\"yoast-schema-graph\">{\"@context\":\"https:\/\/schema.org\",\"@graph\":[{\"@type\":\"WebPage\",\"@id\":\"https:\/\/mukkacikolata.com\/urun\/mukka-kahvalti-tabagi\/\",\"url\":\"https:\/\/mukkacikolata.com\/urun\/mukka-kahvalti-tabagi\/\",\"name\":\"Mukka Kahvalt\u0131 Taba\u011f\u0131 - Mukka \u00c7ikolata\",\"isPartOf\":{\"@id\":\"https:\/\/mukkacikolata.com\/#website\"},\"datePublished\":\"2025-04-17T14:04:02+00:00\",\"dateModified\":\"2025-05-20T19:47:59+00:00\",\"breadcrumb\":{\"@id\":\"https:\/\/mukkacikolata.com\/urun\/mukka-kahvalti-tabagi\/#breadcrumb\"},\"inLanguage\":\"ru-RU\",\"potentialAction\":[{\"@type\":\"ReadAction\",\"target\":[\"https:\/\/mukkacikolata.com\/urun\/mukka-kahvalti-tabagi\/\"]}]},{\"@type\":\"BreadcrumbList\",\"@id\":\"https:\/\/mukkacikolata.com\/urun\/mukka-kahvalti-tabagi\/#breadcrumb\",\"itemListElement\":[{\"@type\":\"ListItem\",\"position\":1,\"name\":\"Anasayfa\",\"item\":\"https:\/\/mukkacikolata.com\/\"},{\"@type\":\"ListItem\",\"position\":2,\"name\":\"\u00dcr\u00fcnlerimiz\",\"item\":\"https:\/\/mukkacikolata.com\/shop\/\"},{\"@type\":\"ListItem\",\"position\":3,\"name\":\"Mukka Kahvalt\u0131 Taba\u011f\u0131\"}]},{\"@type\":\"WebSite\",\"@id\":\"https:\/\/mukkacikolata.com\/#website\",\"url\":\"https:\/\/mukkacikolata.com\/\",\"name\":\"Mukka \u00c7ikolata\",\"description\":\"Mukka \u00c7ikolata\",\"potentialAction\":[{\"@type\":\"SearchAction\",\"target\":{\"@type\":\"EntryPoint\",\"urlTemplate\":\"https:\/\/mukkacikolata.com\/?s={search_term_string}\"},\"query-input\":\"required name=search_term_string\"}],\"inLanguage\":\"ru-RU\"}]}<\/script>\n<!-- \/ Yoast SEO plugin. -->","yoast_head_json":{"title":"Mukka Kahvalt\u0131 Taba\u011f\u0131 - Mukka \u00c7ikolata","robots":{"index":"index","follow":"follow","max-snippet":"max-snippet:-1","max-image-preview":"max-image-preview:large","max-video-preview":"max-video-preview:-1"},"canonical":"https:\/\/mukkacikolata.com\/ru\/product\/mukka-kahvalti-tabagi\/","og_locale":"ru_RU","og_type":"article","og_title":"Mukka Kahvalt\u0131 Taba\u011f\u0131 - Mukka \u00c7ikolata","og_url":"https:\/\/mukkacikolata.com\/ru\/product\/mukka-kahvalti-tabagi\/","og_site_name":"Mukka \u00c7ikolata","article_modified_time":"2025-05-20T19:47:59+00:00","twitter_card":"summary_large_image","schema":{"@context":"https:\/\/schema.org","@graph":[{"@type":"WebPage","@id":"https:\/\/mukkacikolata.com\/urun\/mukka-kahvalti-tabagi\/","url":"https:\/\/mukkacikolata.com\/urun\/mukka-kahvalti-tabagi\/","name":"Mukka Kahvalt\u0131 Taba\u011f\u0131 - Mukka \u00c7ikolata","isPartOf":{"@id":"https:\/\/mukkacikolata.com\/#website"},"datePublished":"2025-04-17T14:04:02+00:00","dateModified":"2025-05-20T19:47:59+00:00","breadcrumb":{"@id":"https:\/\/mukkacikolata.com\/urun\/mukka-kahvalti-tabagi\/#breadcrumb"},"inLanguage":"ru-RU","potentialAction":[{"@type":"ReadAction","target":["https:\/\/mukkacikolata.com\/urun\/mukka-kahvalti-tabagi\/"]}]},{"@type":"BreadcrumbList","@id":"https:\/\/mukkacikolata.com\/urun\/mukka-kahvalti-tabagi\/#breadcrumb","itemListElement":[{"@type":"ListItem","position":1,"name":"Anasayfa","item":"https:\/\/mukkacikolata.com\/"},{"@type":"ListItem","position":2,"name":"\u00dcr\u00fcnlerimiz","item":"https:\/\/mukkacikolata.com\/shop\/"},{"@type":"ListItem","position":3,"name":"Mukka Kahvalt\u0131 Taba\u011f\u0131"}]},{"@type":"WebSite","@id":"https:\/\/mukkacikolata.com\/#website","url":"https:\/\/mukkacikolata.com\/","name":"Mukka \u00c7ikolata","description":"Mukka \u00c7ikolata","potentialAction":[{"@type":"SearchAction","target":{"@type":"EntryPoint","urlTemplate":"https:\/\/mukkacikolata.com\/?s={search_term_string}"},"query-input":"required name=search_term_string"}],"inLanguage":"ru-RU"}]}},"_links":{"self":[{"href":"https:\/\/mukkacikolata.com\/ru\/wp-json\/wp\/v2\/product\/16596","targetHints":{"allow":["GET"]}}],"collection":[{"href":"https:\/\/mukkacikolata.com\/ru\/wp-json\/wp\/v2\/product"}],"about":[{"href":"https:\/\/mukkacikolata.com\/ru\/wp-json\/wp\/v2\/types\/product"}],"replies":[{"embeddable":true,"href":"https:\/\/mukkacikolata.com\/ru\/wp-json\/wp\/v2\/comments?post=16596"}],"version-history":[{"count":1,"href":"https:\/\/mukkacikolata.com\/ru\/wp-json\/wp\/v2\/product\/16596\/revisions"}],"predecessor-version":[{"id":16597,"href":"https:\/\/mukkacikolata.com\/ru\/wp-json\/wp\/v2\/product\/16596\/revisions\/16597"}],"wp:attachment":[{"href":"https:\/\/mukkacikolata.com\/ru\/wp-json\/wp\/v2\/media?parent=16596"}],"wp:term":[{"taxonomy":"product_cat","embeddable":true,"href":"https:\/\/mukkacikolata.com\/ru\/wp-json\/wp\/v2\/product_cat?post=16596"},{"taxonomy":"product_tag","embeddable":true,"href":"https:\/\/mukkacikolata.com\/ru\/wp-json\/wp\/v2\/product_tag?post=16596"}],"curies":[{"name":"wp","href":"https:\/\/api.w.org\/{rel}","templated":true}]}}